{"id":2699,"date":"2024-07-18T13:52:09","date_gmt":"2024-07-18T11:52:09","guid":{"rendered":"https:\/\/fundacionhung.com\/?page_id=2699"},"modified":"2024-07-18T17:11:59","modified_gmt":"2024-07-18T15:11:59","slug":"premios-y-reconocimientos","status":"publish","type":"page","link":"https:\/\/fundacionhung.com\/en\/premios-y-reconocimientos\/","title":{"rendered":"Awards and Recognition"},"content":{"rendered":"<div data-elementor-type=\"wp-page\" data-elementor-id=\"2699\" class=\"elementor elementor-2699\">\n\t\t\t\t\t\t<section class=\"elementor-section elementor-top-section elementor-element elementor-element-6515fce1 elementor-section-boxed elementor-section-height-default elementor-section-height-default\" data-id=\"6515fce1\" data-element_type=\"section\" data-e-type=\"section\">\n\t\t\t\t\t\t<div class=\"elementor-container elementor-column-gap-default\">\n\t\t\t\t\t<div class=\"elementor-column elementor-col-100 elementor-top-column elementor-element elementor-element-6754aade\" data-id=\"6754aade\" data-element_type=\"column\" data-e-type=\"column\">\n\t\t\t<div class=\"elementor-widget-wrap elementor-element-populated\">\n\t\t\t\t\t\t<section class=\"elementor-section elementor-inner-section elementor-element elementor-element-60e7a13 elementor-section-boxed elementor-section-height-default elementor-section-height-default\" data-id=\"60e7a13\" data-element_type=\"section\" data-e-type=\"section\">\n\t\t\t\t\t\t<div class=\"elementor-container elementor-column-gap-default\">\n\t\t\t\t\t<div class=\"elementor-column elementor-col-50 elementor-inner-column elementor-element elementor-element-37da8cc1\" data-id=\"37da8cc1\" data-element_type=\"column\" data-e-type=\"column\">\n\t\t\t<div class=\"elementor-widget-wrap elementor-element-populated\">\n\t\t\t\t\t\t<div class=\"elementor-element elementor-element-3bfe476c elementor-widget elementor-widget-heading\" data-id=\"3bfe476c\" data-element_type=\"widget\" data-e-type=\"widget\" data-widget_type=\"heading.default\">\n\t\t\t\t<div class=\"elementor-widget-container\">\n\t\t\t\t\t<h2 class=\"elementor-heading-title elementor-size-default\">PREMIOS Y RECONOCIMIENTOS<\/h2>\t\t\t\t<\/div>\n\t\t\t\t<\/div>\n\t\t\t\t<div class=\"elementor-element elementor-element-308932ad elementor-widget elementor-widget-text-editor\" data-id=\"308932ad\" data-element_type=\"widget\" data-e-type=\"widget\" data-widget_type=\"text-editor.default\">\n\t\t\t\t<div class=\"elementor-widget-container\">\n\t\t\t\t\t\t\t\t\t<p class=\"p1\">\u2022 <span style=\"font-weight: 400;\">Primer Premio Sal\u00f3n Municipal de Pintura. Maracaibo Venezuela. 1958<\/span><\/p><p><span style=\"font-weight: 400;\">\u2022 Menci\u00f3n honor\u00edfica, Sal\u00f3n J\u00f3venes Pintores, Asociaci\u00f3n Venezolana de Pintores (AVP).<\/span><\/p><p><span style=\"font-weight: 400;\">\u2022 Premio Otero Vizcarrondo, XXIV Sal\u00f3n Oficial de Arte Venezolano. Caracas, Venezuela. 1963.<\/span><\/p><p><span style=\"font-weight: 400;\">\u2022 Primer Premio Sal\u00f3n D\u00b4Empaire. Maracaibo, Venezuela. 1963.<\/span><\/p><p><span style=\"font-weight: 400;\">\u2022 Menci\u00f3n Honor\u00edfica en la 3era. Bienal de Par\u00eds, Francia. 1963.<\/span><\/p><p><span style=\"font-weight: 400;\">\u2022 Premio Armando Rever\u00f3n, <\/span><span style=\"font-weight: 400;\">XXV Sal\u00f3n Oficial <\/span><span style=\"font-weight: 400;\">de Arte Venezolano, Caracas. 1964.<\/span><\/p><p><span style=\"font-weight: 400;\">\u2022 Premio Roma. XXV Sal\u00f3n Oficial de Arte Venezolano, Caracas. 1964.<\/span><\/p><p><span style=\"font-weight: 400;\">\u2022 Premio Fundaci\u00f3n Belloso, Sal\u00f3n D&#8217;Empaire. 1964<\/span><\/p><p><span style=\"font-weight: 400;\">\u2022 Primer Premio, Sal\u00f3n de Artistas J\u00f3venes en el Museo de Bellas Artes. Caracas, Venezuela. 1964.<\/span><\/p><p><span style=\"font-weight: 400;\">\u2022 Premio Nacional de Pintura. XXVI Sal\u00f3n Oficial de Arte Venezolano, Caracas. 1965.<\/span><\/p><p><span style=\"font-weight: 400;\">\u2022 Premio Felisa Leirner, 8va. Bienal de Sao Paulo. 1965.<\/span><\/p><p><span style=\"font-weight: 400;\">\u2022 Primer premio de pintura, I Sal\u00f3n de Artistas J\u00f3venes de Latinoam\u00e9rica, MBA. 1965.<\/span><\/p><p><span style=\"font-weight: 400;\">\u2022 Primer Premio Sal\u00f3n Arturo Michelena. Valencia, Venezuela. 1965.<\/span><\/p><p><span style=\"font-weight: 400;\">\u2022 Premio Energ\u00eda El\u00e9ctrica de Venezuela, Sal\u00f3n D&#8217;Empaire. 1966.<\/span><\/p><p><span style=\"font-weight: 400;\">\u2022 Primer Premio Sal\u00f3n Arturo Michelena. Valencia, Venezuela. 1970.<\/span><\/p><p><span style=\"font-weight: 400;\">\u2022 Primer Premio de Dibujo. Sal\u00f3n Occidente, M\u00e9rida. Venezuela. 1981.\u00a0<\/span><\/p><p><span style=\"font-weight: 400;\">\u2022 Primer Premio, III\u00a0 Bienal <\/span><span style=\"font-weight: 400;\">Nacional de Artes Visuales<\/span><span style=\"font-weight: 400;\">. Barquisimeto, Lara. 1985.<\/span><\/p><p><span style=\"font-weight: 400;\">\u2022 Primer Premio Sal\u00f3n Arturo Michelena. Valencia, Venezuela. 1986.<\/span><\/p><p><span style=\"font-weight: 400;\">\u2022 Doctorado Honoris Causa, Universidad del Zulia (LUZ). 2001.<\/span><\/p>\t\t\t\t\t\t\t\t<\/div>\n\t\t\t\t<\/div>\n\t\t\t\t\t<\/div>\n\t\t<\/div>\n\t\t\t\t<div class=\"elementor-column elementor-col-50 elementor-inner-column elementor-element elementor-element-1475f69b\" data-id=\"1475f69b\" data-element_type=\"column\" data-e-type=\"column\">\n\t\t\t<div class=\"elementor-widget-wrap elementor-element-populated\">\n\t\t\t\t\t\t<div class=\"elementor-element elementor-element-1fbe4b49 elementor-widget__width-initial elementor-widget elementor-widget-image\" data-id=\"1fbe4b49\" data-element_type=\"widget\" data-e-type=\"widget\" data-widget_type=\"image.default\">\n\t\t\t\t<div class=\"elementor-widget-container\">\n\t\t\t\t\t\t\t\t\t\t\t\t<figure class=\"wp-caption\">\n\t\t\t\t\t\t\t\t\t\t<img fetchpriority=\"high\" decoding=\"async\" width=\"402\" height=\"602\" src=\"https:\/\/fundacionhung.com\/wp-content\/uploads\/2024\/07\/hung356.jpg\" class=\"attachment-full size-full wp-image-2719\" alt=\"\" srcset=\"https:\/\/fundacionhung.com\/wp-content\/uploads\/2024\/07\/hung356.jpg 402w, https:\/\/fundacionhung.com\/wp-content\/uploads\/2024\/07\/hung356-200x300.jpg 200w\" sizes=\"(max-width: 402px) 100vw, 402px\" \/>\t\t\t\t\t\t\t\t\t\t\t<figcaption class=\"widget-image-caption wp-caption-text\">Hung en Caracas, 1989 \u00a9 Archivos Fundaci\u00f3n Francisco Hung \/ Todos los derechos reservados.<\/figcaption>\n\t\t\t\t\t\t\t\t\t\t<\/figure>\n\t\t\t\t\t\t\t\t\t<\/div>\n\t\t\t\t<\/div>\n\t\t\t\t\t<\/div>\n\t\t<\/div>\n\t\t\t\t\t<\/div>\n\t\t<\/section>\n\t\t\t\t\t<\/div>\n\t\t<\/div>\n\t\t\t\t\t<\/div>\n\t\t<\/section>\n\t\t\t\t<\/div>","protected":false},"excerpt":{"rendered":"<p>PREMIOS Y RECONOCIMIENTOS \u2022 Primer Premio Sal\u00f3n Municipal de Pintura. Maracaibo Venezuela. 1958 \u2022 Menci\u00f3n honor\u00edfica, Sal\u00f3n J\u00f3venes Pintores, Asociaci\u00f3n Venezolana de Pintores (AVP). \u2022 Premio Otero Vizcarrondo, XXIV Sal\u00f3n Oficial de Arte Venezolano. Caracas, Venezuela. 1963. \u2022 Primer Premio Sal\u00f3n D\u00b4Empaire. Maracaibo, Venezuela. 1963. \u2022 Menci\u00f3n Honor\u00edfica en la 3era. Bienal de Par\u00eds, Francia. [&hellip;]<\/p>\n","protected":false},"author":1,"featured_media":0,"parent":0,"menu_order":0,"comment_status":"closed","ping_status":"closed","template":"","meta":{"site-sidebar-layout":"no-sidebar","site-content-layout":"page-builder","ast-site-content-layout":"full-width-container","site-content-style":"default","site-sidebar-style":"default","ast-global-header-display":"","ast-banner-title-visibility":"","ast-main-header-display":"","ast-hfb-above-header-display":"","ast-hfb-below-header-display":"","ast-hfb-mobile-header-display":"","site-post-title":"disabled","ast-breadcrumbs-content":"","ast-featured-img":"disabled","footer-sml-layout":"","theme-transparent-header-meta":"","adv-header-id-meta":"","stick-header-meta":"","header-above-stick-meta":"","header-main-stick-meta":"","header-below-stick-meta":"","astra-migrate-meta-layouts":"set","ast-page-background-enabled":"default","ast-page-background-meta":{"desktop":{"background-color":"","background-image":"","background-repeat":"repeat","background-position":"center center","background-size":"auto","background-attachment":"scroll","background-type":"","background-media":"","overlay-type":"","overlay-color":"","overlay-gradient":""},"tablet":{"background-color":"","background-image":"","background-repeat":"repeat","background-position":"center center","background-size":"auto","background-attachment":"scroll","background-type":"","background-media":"","overlay-type":"","overlay-color":"","overlay-gradient":""},"mobile":{"background-color":"","background-image":"","background-repeat":"repeat","background-position":"center center","background-size":"auto","background-attachment":"scroll","background-type":"","background-media":"","overlay-type":"","overlay-color":"","overlay-gradient":""}},"ast-content-background-meta":{"desktop":{"background-color":"var(--ast-global-color-5)","background-image":"","background-repeat":"repeat","background-position":"center center","background-size":"auto","background-attachment":"scroll","background-type":"","background-media":"","overlay-type":"","overlay-color":"","overlay-gradient":""},"tablet":{"background-color":"var(--ast-global-color-5)","background-image":"","background-repeat":"repeat","background-position":"center center","background-size":"auto","background-attachment":"scroll","background-type":"","background-media":"","overlay-type":"","overlay-color":"","overlay-gradient":""},"mobile":{"background-color":"var(--ast-global-color-5)","background-image":"","background-repeat":"repeat","background-position":"center center","background-size":"auto","background-attachment":"scroll","background-type":"","background-media":"","overlay-type":"","overlay-color":"","overlay-gradient":""}},"footnotes":""},"class_list":["post-2699","page","type-page","status-publish","hentry"],"_links":{"self":[{"href":"https:\/\/fundacionhung.com\/en\/wp-json\/wp\/v2\/pages\/2699","targetHints":{"allow":["GET"]}}],"collection":[{"href":"https:\/\/fundacionhung.com\/en\/wp-json\/wp\/v2\/pages"}],"about":[{"href":"https:\/\/fundacionhung.com\/en\/wp-json\/wp\/v2\/types\/page"}],"author":[{"embeddable":true,"href":"https:\/\/fundacionhung.com\/en\/wp-json\/wp\/v2\/users\/1"}],"replies":[{"embeddable":true,"href":"https:\/\/fundacionhung.com\/en\/wp-json\/wp\/v2\/comments?post=2699"}],"version-history":[{"count":15,"href":"https:\/\/fundacionhung.com\/en\/wp-json\/wp\/v2\/pages\/2699\/revisions"}],"predecessor-version":[{"id":2737,"href":"https:\/\/fundacionhung.com\/en\/wp-json\/wp\/v2\/pages\/2699\/revisions\/2737"}],"wp:attachment":[{"href":"https:\/\/fundacionhung.com\/en\/wp-json\/wp\/v2\/media?parent=2699"}],"curies":[{"name":"wp","href":"https:\/\/api.w.org\/{rel}","templated":true}]}}